{"id":910,"date":"2023-10-01T09:52:50","date_gmt":"2023-10-01T09:52:50","guid":{"rendered":"https:\/\/hetverdwenenverleden.nl\/?page_id=910"},"modified":"2023-10-01T09:52:50","modified_gmt":"2023-10-01T09:52:50","slug":"geboorte","status":"publish","type":"page","link":"https:\/\/hetverdwenenverleden.nl\/?page_id=910","title":{"rendered":"Geboorte"},"content":{"rendered":"<p>Op 26 januari 1878 werd er een kind geboren.<br \/>\nHet was een meisje en haar ouders noemde haar: Anna.<br \/>\nAnna was de dochter van koopman Stepan Alexandrovich Demidova haar moeder is onbekend.<\/p>\n<p>Anna had (voor zover we weten) \u00e9\u00e9n zus:<br \/>\n&#8211; Elizaveta<\/p>\n<p>Anna had (zover we weten) \u00e9\u00e9n broer:<br \/>\n&#8211; Zijn naam begint een N, zijn naam is onbekend<\/p>\n<p>Anna was een jonge blonde vrouw, ze was lang en statig.<\/p>\n<p>Ze studeerde af aan het Yaroslav Instituut voor huishoudelijk personeel en behaalde bij haar vertrek een onderwijscertificaat. Ze sprak verschillende vreemde talen en speelde piano.<\/p>\n<!-- AddThis Advanced Settings generic via filter on the_content --><!-- AddThis Share Buttons generic via filter on the_content -->","protected":false},"excerpt":{"rendered":"<p>Op 26 januari 1878 werd er een kind geboren. Het was een meisje en haar ouders noemde haar: Anna. Anna was de dochter van koopman Stepan Alexandrovich Demidova haar moeder is onbekend. Anna had (voor zover we weten) \u00e9\u00e9n zus: &#8211; Elizaveta Anna had (zover we weten) \u00e9\u00e9n broer: &#8211; Zijn naam begint een N,&#8230;<!-- AddThis Advanced Settings generic via filter on get_the_excerpt --><!-- AddThis Share Buttons generic via filter on get_the_excerpt --><\/p>\n","protected":false},"author":1,"featured_media":0,"parent":906,"menu_order":0,"comment_status":"closed","ping_status":"closed","template":"","meta":{"footnotes":""},"class_list":["post-910","page","type-page","status-publish","hentry"],"_links":{"self":[{"href":"https:\/\/hetverdwenenverleden.nl\/index.php?rest_route=\/wp\/v2\/pages\/910","targetHints":{"allow":["GET"]}}],"collection":[{"href":"https:\/\/hetverdwenenverleden.nl\/index.php?rest_route=\/wp\/v2\/pages"}],"about":[{"href":"https:\/\/hetverdwenenverleden.nl\/index.php?rest_route=\/wp\/v2\/types\/page"}],"author":[{"embeddable":true,"href":"https:\/\/hetverdwenenverleden.nl\/index.php?rest_route=\/wp\/v2\/users\/1"}],"replies":[{"embeddable":true,"href":"https:\/\/hetverdwenenverleden.nl\/index.php?rest_route=%2Fwp%2Fv2%2Fcomments&post=910"}],"version-history":[{"count":1,"href":"https:\/\/hetverdwenenverleden.nl\/index.php?rest_route=\/wp\/v2\/pages\/910\/revisions"}],"predecessor-version":[{"id":911,"href":"https:\/\/hetverdwenenverleden.nl\/index.php?rest_route=\/wp\/v2\/pages\/910\/revisions\/911"}],"up":[{"embeddable":true,"href":"https:\/\/hetverdwenenverleden.nl\/index.php?rest_route=\/wp\/v2\/pages\/906"}],"wp:attachment":[{"href":"https:\/\/hetverdwenenverleden.nl\/index.php?rest_route=%2Fwp%2Fv2%2Fmedia&parent=910"}],"curies":[{"name":"wp","href":"https:\/\/api.w.org\/{rel}","templated":true}]}}