{"id":844,"date":"2023-09-30T15:27:38","date_gmt":"2023-09-30T15:27:38","guid":{"rendered":"https:\/\/hetverdwenenverleden.nl\/?page_id=844"},"modified":"2023-09-30T15:31:17","modified_gmt":"2023-09-30T15:31:17","slug":"geboorte","status":"publish","type":"page","link":"https:\/\/hetverdwenenverleden.nl\/?page_id=844","title":{"rendered":"Geboorte"},"content":{"rendered":"<p>Op 16 juli 1884 werd er een kind geboren.<br \/>\nHet was een meisje en haar ouders noemde haar: Anna.<br \/>\nAnna was de dochter van hoofdcommissaris van zijne majesteit en bekende componist Aleksandr Taneyev en gravin Nadezjda Tolstoj.<\/p>\n<p>Anna had \u00e9\u00e9n zus:<br \/>\n&#8211; Alexandra<\/p>\n<p>Anna had \u00e9\u00e9n broer:<br \/>\n&#8211; Sergei<\/p>\n<!-- AddThis Advanced Settings generic via filter on the_content --><!-- AddThis Share Buttons generic via filter on the_content -->","protected":false},"excerpt":{"rendered":"<p>Op 16 juli 1884 werd er een kind geboren. Het was een meisje en haar ouders noemde haar: Anna. Anna was de dochter van hoofdcommissaris van zijne majesteit en bekende componist Aleksandr Taneyev en gravin Nadezjda Tolstoj. Anna had \u00e9\u00e9n zus: &#8211; Alexandra Anna had \u00e9\u00e9n broer: &#8211; Sergei<!-- AddThis Advanced Settings generic via filter on get_the_excerpt --><!-- AddThis Share Buttons generic via filter on get_the_excerpt --><\/p>\n","protected":false},"author":1,"featured_media":0,"parent":840,"menu_order":0,"comment_status":"closed","ping_status":"closed","template":"","meta":{"footnotes":""},"class_list":["post-844","page","type-page","status-publish","hentry"],"_links":{"self":[{"href":"https:\/\/hetverdwenenverleden.nl\/index.php?rest_route=\/wp\/v2\/pages\/844","targetHints":{"allow":["GET"]}}],"collection":[{"href":"https:\/\/hetverdwenenverleden.nl\/index.php?rest_route=\/wp\/v2\/pages"}],"about":[{"href":"https:\/\/hetverdwenenverleden.nl\/index.php?rest_route=\/wp\/v2\/types\/page"}],"author":[{"embeddable":true,"href":"https:\/\/hetverdwenenverleden.nl\/index.php?rest_route=\/wp\/v2\/users\/1"}],"replies":[{"embeddable":true,"href":"https:\/\/hetverdwenenverleden.nl\/index.php?rest_route=%2Fwp%2Fv2%2Fcomments&post=844"}],"version-history":[{"count":2,"href":"https:\/\/hetverdwenenverleden.nl\/index.php?rest_route=\/wp\/v2\/pages\/844\/revisions"}],"predecessor-version":[{"id":846,"href":"https:\/\/hetverdwenenverleden.nl\/index.php?rest_route=\/wp\/v2\/pages\/844\/revisions\/846"}],"up":[{"embeddable":true,"href":"https:\/\/hetverdwenenverleden.nl\/index.php?rest_route=\/wp\/v2\/pages\/840"}],"wp:attachment":[{"href":"https:\/\/hetverdwenenverleden.nl\/index.php?rest_route=%2Fwp%2Fv2%2Fmedia&parent=844"}],"curies":[{"name":"wp","href":"https:\/\/api.w.org\/{rel}","templated":true}]}}