{"id":1647,"date":"2023-11-06T11:48:00","date_gmt":"2023-11-06T11:48:00","guid":{"rendered":"https:\/\/hetverdwenenverleden.nl\/?page_id=1647"},"modified":"2023-11-06T11:48:00","modified_gmt":"2023-11-06T11:48:00","slug":"geboorte","status":"publish","type":"page","link":"https:\/\/hetverdwenenverleden.nl\/?page_id=1647","title":{"rendered":"Geboorte"},"content":{"rendered":"<p>In het jaar 1881 werd er een kind geboren.<br \/>\nHet was een jongen en zijn ouders noemde hem: Ivan.<br \/>\nHet is onbend hoe zijn ouders heten.<\/p>\n<p>Ivan heeft, voor zover we weten, \u00e9\u00e9n zus:<br \/>\n&#8211; Naam onbekend<\/p>\n<p>Ivan heeft voor zover we weten, \u00e9\u00e9n broer:<br \/>\n&#8211; naam onbekend<\/p>\n<!-- AddThis Advanced Settings generic via filter on the_content --><!-- AddThis Share Buttons generic via filter on the_content -->","protected":false},"excerpt":{"rendered":"<p>In het jaar 1881 werd er een kind geboren. Het was een jongen en zijn ouders noemde hem: Ivan. Het is onbend hoe zijn ouders heten. Ivan heeft, voor zover we weten, \u00e9\u00e9n zus: &#8211; Naam onbekend Ivan heeft voor zover we weten, \u00e9\u00e9n broer: &#8211; naam onbekend<!-- AddThis Advanced Settings generic via filter on get_the_excerpt --><!-- AddThis Share Buttons generic via filter on get_the_excerpt --><\/p>\n","protected":false},"author":1,"featured_media":0,"parent":1639,"menu_order":0,"comment_status":"closed","ping_status":"closed","template":"","meta":{"footnotes":""},"class_list":["post-1647","page","type-page","status-publish","hentry"],"_links":{"self":[{"href":"https:\/\/hetverdwenenverleden.nl\/index.php?rest_route=\/wp\/v2\/pages\/1647","targetHints":{"allow":["GET"]}}],"collection":[{"href":"https:\/\/hetverdwenenverleden.nl\/index.php?rest_route=\/wp\/v2\/pages"}],"about":[{"href":"https:\/\/hetverdwenenverleden.nl\/index.php?rest_route=\/wp\/v2\/types\/page"}],"author":[{"embeddable":true,"href":"https:\/\/hetverdwenenverleden.nl\/index.php?rest_route=\/wp\/v2\/users\/1"}],"replies":[{"embeddable":true,"href":"https:\/\/hetverdwenenverleden.nl\/index.php?rest_route=%2Fwp%2Fv2%2Fcomments&post=1647"}],"version-history":[{"count":1,"href":"https:\/\/hetverdwenenverleden.nl\/index.php?rest_route=\/wp\/v2\/pages\/1647\/revisions"}],"predecessor-version":[{"id":1648,"href":"https:\/\/hetverdwenenverleden.nl\/index.php?rest_route=\/wp\/v2\/pages\/1647\/revisions\/1648"}],"up":[{"embeddable":true,"href":"https:\/\/hetverdwenenverleden.nl\/index.php?rest_route=\/wp\/v2\/pages\/1639"}],"wp:attachment":[{"href":"https:\/\/hetverdwenenverleden.nl\/index.php?rest_route=%2Fwp%2Fv2%2Fmedia&parent=1647"}],"curies":[{"name":"wp","href":"https:\/\/api.w.org\/{rel}","templated":true}]}}